{"id":24,"date":"2025-02-27T10:07:37","date_gmt":"2025-02-27T10:07:37","guid":{"rendered":"https:\/\/KamiKatze.7szkola.pl\/?page_id=24"},"modified":"2025-03-20T10:05:39","modified_gmt":"2025-03-20T10:05:39","slug":"kocia-wojna-swiatowa","status":"publish","type":"page","link":"https:\/\/kamikatze.7szkola.pl\/index.php\/kocia-wojna-swiatowa\/","title":{"rendered":"Kocia Wojna \u015awiatowa"},"content":{"rendered":"\n<div class=\"wp-block-group alignfull has-kubio-color-6-color has-text-color has-link-color wp-elements-fa58d02935d73f3746051ad09f251748\" style=\"margin-top:0;margin-bottom:0;padding-top:var(--wp--preset--spacing--60);padding-right:var(--wp--preset--spacing--50);padding-bottom:var(--wp--preset--spacing--60);padding-left:var(--wp--preset--spacing--50)\"><div class=\"wp-block-group__inner-container is-layout-constrained wp-container-core-group-is-layout-a75e7c4c wp-block-group-is-layout-constrained\">\n<div class=\"wp-block-columns alignwide has-kubio-color-6-color has-text-color has-link-color wp-elements-b3ba4d83a9364f745befd96421a41ec5 is-layout-flex wp-container-core-columns-is-layout-1da03c2a wp-block-columns-is-layout-flex\">\n<div class=\"wp-block-column is-vertically-aligned-stretch has-kubio-color-6-color has-text-color has-link-color wp-elements-872261ce9e77b8f540938336be92c460 is-layout-flow wp-block-column-is-layout-flow\" style=\"flex-basis:50%\">\n<h2 class=\"wp-block-heading has-kubio-color-6-color has-text-color has-link-color wp-elements-fa73e7b867189e89cbc167ee69456b92\">Przedburze Konfliktu<\/h2>\n\n\n\n<p class=\"has-kubio-color-6-color has-text-color has-link-color wp-elements-e0f5e7aa7ce1ccf8d297dc09e45d32ab\">Kocie kr\u00f3lestwa \u017cy\u0142y w relatywnym pokoju przez wiele lat, a\u017c do momentu, gdy w Kr\u00f3lestwie Miaulandu, rz\u0105dzonej przez Kr\u00f3la Miauczybala (niem. K\u00f6nig Miauzenberg), pojawi\u0142y si\u0119 ambicje o dominacj\u0119 nad Europaw\u0105. Miauland, znany ze swojego pot\u0119\u017cnego wojska i technologii wojennej, postanowi\u0142 rozszerzy\u0107 swoje terytorium, atakuj\u0105c s\u0105siednie kr\u00f3lestwa.<\/p>\n\n\n\n<h2 class=\"wp-block-heading has-kubio-color-6-color has-text-color has-link-color wp-elements-234c9812075e09b5d3779fe5597dcb38\"><strong>Inwazja na Polmiau<\/strong><\/h2>\n\n\n\n<p class=\"has-kubio-color-6-color has-text-color has-link-color wp-elements-352213663f13c963806e843cf715f126\">Wczesnym porankiem 1 Miau\u0142\u015bnia 1939 roku, Miauland zaatakowa\u0142o Kr\u00f3lestwo rzeczy Polmiau. Polmiau, pod rz\u0105dami Marsza\u0142ka, zosta\u0142o znienacka zaatakowane. Miauland zaatakowa\u0142 z pe\u0142n\u0105 si\u0142\u0105, wykorzystuj\u0105c swoj\u0105 nowoczesn\u0105 technologi\u0119, taktyki Blitzmiau i pot\u0119\u017cne jednostki pancerne, znane jako Miautanki.<\/p>\n\n\n\n<p class=\"has-kubio-color-6-color has-text-color has-link-color wp-elements-f30747a5b7dc9f223615e2de1aede47e\">Puszewska, mimo ogromnego oporu, nie by\u0142a w stanie sprosta\u0107 naporowi i wkr\u00f3tce zosta\u0142a podbita. Jednak waleczno\u015b\u0107 kot\u00f3w z Puszewskiej wzbudzi\u0142a podziw na ca\u0142ym \u015bwiecie, a Kr\u00f3lestwo Miaulandu zyska\u0142o wielu wrog\u00f3w.<\/p>\n\n\n\n<h2 class=\"wp-block-heading has-kubio-color-6-color has-text-color has-link-color wp-elements-bb6def4278f6e1cd1e1a94b3bea857f3\"><strong>Wej\u015bcie do Wojny Kociej Brytanii i Francji Kot\u00f3w<\/strong><\/h2>\n\n\n\n<p class=\"has-kubio-color-6-color has-text-color has-link-color wp-elements-5749d2bb83555531ea28d86e2e832a16\">Zaniepokojone rosn\u0105c\u0105 pot\u0119g\u0105 Miaulandu, Kr\u00f3lestwo Kociej Brytanii (ang. Kocja) pod rz\u0105dami Kr\u00f3lowej Mufki oraz Republika Kociej Francji (fr. Koci Francs) pod rz\u0105dami Prezydenta Mrukiela, wypowiedzia\u0142y wojn\u0119 Miaulandowi. Kocja i Koci Francs po\u0142\u0105czy\u0142y swoje si\u0142y, tworz\u0105c silny front zachodni.<\/p>\n<\/div>\n\n\n\n<div class=\"wp-block-column is-vertically-aligned-center has-kubio-color-6-color has-text-color has-link-color wp-elements-ca25c8dcb4ab0647e4e8f659039c5a5d is-layout-flow wp-block-column-is-layout-flow\" style=\"flex-basis:50%\"><\/div>\n<\/div>\n<\/div><\/div>\n\n\n\n<div class=\"wp-block-group alignfull\" style=\"margin-top:0;margin-bottom:0;padding-top:var(--wp--preset--spacing--50);padding-right:var(--wp--preset--spacing--50);padding-bottom:var(--wp--preset--spacing--50);padding-left:var(--wp--preset--spacing--50)\"><div class=\"wp-block-group__inner-container is-layout-constrained wp-container-core-group-is-layout-d89aad35 wp-block-group-is-layout-constrained\">\n<div class=\"wp-block-columns alignwide is-layout-flex wp-container-core-columns-is-layout-1da03c2a wp-block-columns-is-layout-flex\">\n<div class=\"wp-block-column is-vertically-aligned-center is-layout-flow wp-block-column-is-layout-flow\" style=\"flex-basis:60%\">\n<figure class=\"wp-block-image size-full is-style-rounded wp-duotone-varpresetduotoneduotone-1-1\"><img loading=\"lazy\" decoding=\"async\" width=\"1024\" height=\"1024\" src=\"https:\/\/kamikatze.7szkola.pl\/wp-content\/uploads\/2025\/02\/a7e29275-7ae5-464c-a209-e984de1b64b1.jpg\" alt=\"\" class=\"wp-image-194\" style=\"aspect-ratio:3\/4;object-fit:cover\" srcset=\"https:\/\/kamikatze.7szkola.pl\/wp-content\/uploads\/2025\/02\/a7e29275-7ae5-464c-a209-e984de1b64b1.jpg 1024w, https:\/\/kamikatze.7szkola.pl\/wp-content\/uploads\/2025\/02\/a7e29275-7ae5-464c-a209-e984de1b64b1-300x300.jpg 300w, https:\/\/kamikatze.7szkola.pl\/wp-content\/uploads\/2025\/02\/a7e29275-7ae5-464c-a209-e984de1b64b1-150x150.jpg 150w, https:\/\/kamikatze.7szkola.pl\/wp-content\/uploads\/2025\/02\/a7e29275-7ae5-464c-a209-e984de1b64b1-768x768.jpg 768w\" sizes=\"(max-width: 1024px) 100vw, 1024px\" \/><\/figure>\n<\/div>\n\n\n\n<div class=\"wp-block-column is-layout-flow wp-block-column-is-layout-flow\" style=\"flex-basis:40%\">\n<h2 class=\"wp-block-heading\"><strong>Bitwa o Miaust\u00f3wk\u0119<\/strong><\/h2>\n\n\n\n<p>Jedn\u0105 z najbardziej znanych bitew by\u0142a Bitwa o Miaust\u00f3wk\u0119, ma\u0142e miasteczko w Puszewskiej, gdzie Miauland zbudowa\u0142o swoje kluczowe bazy wojskowe. Koty z Kocji i Kociego Francs zaatakowa\u0142y z pe\u0142n\u0105 si\u0142\u0105, staraj\u0105c si\u0119 odbi\u0107 miasteczko. Bitwa by\u0142a d\u0142uga i krwawa, a obie strony ponios\u0142y ogromne straty. Ostatecznie koty z Kocji i Kociego Francs zdoby\u0142y Miaust\u00f3wk\u0119, co by\u0142o wa\u017cnym moralnym zwyci\u0119stwem.<\/p>\n\n\n\n<div class=\"wp-block-buttons is-layout-flex wp-block-buttons-is-layout-flex\"><\/div>\n<\/div>\n<\/div>\n<\/div><\/div>\n\n\n\n<div class=\"wp-block-group alignfull has-kubio-color-6-color has-text-color has-link-color wp-elements-ee2b4e21895fc0f47ec2ad35ed779448\" style=\"margin-top:0;margin-bottom:0;padding-top:var(--wp--preset--spacing--60);padding-right:var(--wp--preset--spacing--50);padding-bottom:var(--wp--preset--spacing--60);padding-left:var(--wp--preset--spacing--50)\"><div class=\"wp-block-group__inner-container is-layout-constrained wp-container-core-group-is-layout-a75e7c4c wp-block-group-is-layout-constrained\">\n<div class=\"wp-block-columns alignwide has-kubio-color-6-color has-text-color has-link-color wp-elements-6932433e7ae47075b08c49e717abd9a9 is-layout-flex wp-container-core-columns-is-layout-1da03c2a wp-block-columns-is-layout-flex\">\n<div class=\"wp-block-column is-vertically-aligned-stretch has-kubio-color-6-color has-text-color has-link-color wp-elements-80eb5c8fefab6e5848bdbd22ae789580 is-layout-flow wp-block-column-is-layout-flow\" style=\"flex-basis:50%\">\n<h2 class=\"wp-block-heading has-kubio-color-6-color has-text-color has-link-color wp-elements-fa73e7b867189e89cbc167ee69456b92\">Przedburze Konfliktu<\/h2>\n\n\n\n<p class=\"has-kubio-color-6-color has-text-color has-link-color wp-elements-2df90e4437c676e1bd2168b0067b3e8d\"><strong>W\u0142\u0105czenie si\u0119 Kociujesa<\/strong><\/p>\n\n\n\n<p class=\"has-kubio-color-6-color has-text-color has-link-color wp-elements-2eb4501e347bb5865cd22e44c6e24c2e\">W 1941 roku, Kr\u00f3lestwo KociuSA (czyt. Kociu-sa) pod rz\u0105dami Prezydenta Murka, do\u0142\u0105czy\u0142o do wojny po stronie Kociej Brytani i Kociego Francs. KociuSA, znany ze swojej pot\u0119gi gospodarczej i technologicznej, wys\u0142a\u0142 setki tysi\u0119cy kot\u00f3w oraz niezliczone zasoby na fronty europejskie. Ich przybycie da\u0142o nowe \u017cycie sojusznikom i zmieni\u0142o bieg wojny.<\/p>\n\n\n\n\n\n<h2 class=\"wp-block-heading has-kubio-color-6-color has-text-color has-link-color wp-elements-131cec061f5bf9065316c5363dceeb8f\">Operacja Miauwad<\/h2>\n\n\n\n<p class=\"has-kubio-color-6-color has-text-color has-link-color wp-elements-d43ab149303a7c442d16083346d213cd\">W 1944 roku, sojusznicy rozpocz\u0119li Operacj\u0119 Miauwad, maj\u0105c\u0105 na celu odzyskanie Europawy z r\u0105k Miaulandu. Koty z Kociujesa, Kocji i Kociego Francs zaatakowa\u0142y Miauland z zachodu, podczas gdy koty z Puszewskiej, kt\u00f3re do\u0142\u0105czy\u0142y do ruchu oporu, prowadzi\u0142y dzia\u0142ania dywersyjne na terytorium wroga. Operacja zako\u0144czy\u0142a si\u0119 sukcesem, <\/p>\n\n\n\n<h2 class=\"wp-block-heading has-kubio-color-6-color has-text-color has-link-color wp-elements-ad229dc84908e4b76b9ad49561ed933c\"><strong>Upadek Miaulandu<\/strong><\/h2>\n\n\n\n<p class=\"has-kubio-color-6-color has-text-color has-link-color wp-elements-e604677cae97c2deeb0292a9826bcd78\">Po latach ci\u0119\u017ckich walk, Miauland zosta\u0142o ostatecznie pokonane w 1945 roku. Kr\u00f3l Miauczybal zosta\u0142 zmuszony do abdykacji, a w Miaulandzie ustanowiono nowy rz\u0105d. Puszewska odzyska\u0142a niepodleg\u0142o\u015b\u0107, a Koci Francs i Kocja rozpocz\u0119\u0142y proces odbudowy swoich kr\u00f3lestw.<\/p>\n<\/div>\n\n\n\n<div class=\"wp-block-column is-vertically-aligned-center has-kubio-color-6-color has-text-color has-link-color wp-elements-8b1775adf3ddf9c1e17f5ce97fd8904b is-layout-flow wp-block-column-is-layout-flow\" style=\"flex-basis:50%\"><\/div>\n<\/div>\n<\/div><\/div>\n\n\n\n<figure class=\"wp-block-gallery has-nested-images columns-default is-cropped wp-block-gallery-2 is-layout-flex wp-block-gallery-is-layout-flex\">\n<figure class=\"wp-block-image size-large\"><img loading=\"lazy\" decoding=\"async\" width=\"1024\" height=\"1024\" data-id=\"374\" src=\"https:\/\/kamikatze.7szkola.pl\/wp-content\/uploads\/2025\/03\/c971eca7-b0a0-46a3-bfba-7db3f9e6e2b4.jpg\" alt=\"\" class=\"wp-image-374\" srcset=\"https:\/\/kamikatze.7szkola.pl\/wp-content\/uploads\/2025\/03\/c971eca7-b0a0-46a3-bfba-7db3f9e6e2b4.jpg 1024w, https:\/\/kamikatze.7szkola.pl\/wp-content\/uploads\/2025\/03\/c971eca7-b0a0-46a3-bfba-7db3f9e6e2b4-300x300.jpg 300w, https:\/\/kamikatze.7szkola.pl\/wp-content\/uploads\/2025\/03\/c971eca7-b0a0-46a3-bfba-7db3f9e6e2b4-150x150.jpg 150w, https:\/\/kamikatze.7szkola.pl\/wp-content\/uploads\/2025\/03\/c971eca7-b0a0-46a3-bfba-7db3f9e6e2b4-768x768.jpg 768w\" sizes=\"(max-width: 1024px) 100vw, 1024px\" \/><\/figure>\n\n\n\n<figure class=\"wp-block-image size-large\"><img loading=\"lazy\" decoding=\"async\" width=\"1024\" height=\"1024\" data-id=\"376\" src=\"https:\/\/kamikatze.7szkola.pl\/wp-content\/uploads\/2025\/03\/a4c9e6c6-41cf-4a26-9ccb-e9f32ae67031.jpg\" alt=\"\" class=\"wp-image-376\" srcset=\"https:\/\/kamikatze.7szkola.pl\/wp-content\/uploads\/2025\/03\/a4c9e6c6-41cf-4a26-9ccb-e9f32ae67031.jpg 1024w, https:\/\/kamikatze.7szkola.pl\/wp-content\/uploads\/2025\/03\/a4c9e6c6-41cf-4a26-9ccb-e9f32ae67031-300x300.jpg 300w, https:\/\/kamikatze.7szkola.pl\/wp-content\/uploads\/2025\/03\/a4c9e6c6-41cf-4a26-9ccb-e9f32ae67031-150x150.jpg 150w, https:\/\/kamikatze.7szkola.pl\/wp-content\/uploads\/2025\/03\/a4c9e6c6-41cf-4a26-9ccb-e9f32ae67031-768x768.jpg 768w\" sizes=\"(max-width: 1024px) 100vw, 1024px\" \/><\/figure>\n\n\n\n<figure class=\"wp-block-image size-large\"><img loading=\"lazy\" decoding=\"async\" width=\"1024\" height=\"1024\" data-id=\"375\" src=\"https:\/\/kamikatze.7szkola.pl\/wp-content\/uploads\/2025\/03\/2466c4e6-1308-4ca8-bbbc-855aa7732c1e.jpg\" alt=\"\" class=\"wp-image-375\" srcset=\"https:\/\/kamikatze.7szkola.pl\/wp-content\/uploads\/2025\/03\/2466c4e6-1308-4ca8-bbbc-855aa7732c1e.jpg 1024w, https:\/\/kamikatze.7szkola.pl\/wp-content\/uploads\/2025\/03\/2466c4e6-1308-4ca8-bbbc-855aa7732c1e-300x300.jpg 300w, https:\/\/kamikatze.7szkola.pl\/wp-content\/uploads\/2025\/03\/2466c4e6-1308-4ca8-bbbc-855aa7732c1e-150x150.jpg 150w, https:\/\/kamikatze.7szkola.pl\/wp-content\/uploads\/2025\/03\/2466c4e6-1308-4ca8-bbbc-855aa7732c1e-768x768.jpg 768w\" sizes=\"(max-width: 1024px) 100vw, 1024px\" \/><\/figure>\n\n\n\n<figure class=\"wp-block-image size-large\"><img loading=\"lazy\" decoding=\"async\" width=\"1024\" height=\"1024\" data-id=\"379\" src=\"https:\/\/kamikatze.7szkola.pl\/wp-content\/uploads\/2025\/03\/17f1e4f6-bda0-4540-aff8-113dcbc33182.jpg\" alt=\"\" class=\"wp-image-379\" srcset=\"https:\/\/kamikatze.7szkola.pl\/wp-content\/uploads\/2025\/03\/17f1e4f6-bda0-4540-aff8-113dcbc33182.jpg 1024w, https:\/\/kamikatze.7szkola.pl\/wp-content\/uploads\/2025\/03\/17f1e4f6-bda0-4540-aff8-113dcbc33182-300x300.jpg 300w, https:\/\/kamikatze.7szkola.pl\/wp-content\/uploads\/2025\/03\/17f1e4f6-bda0-4540-aff8-113dcbc33182-150x150.jpg 150w, https:\/\/kamikatze.7szkola.pl\/wp-content\/uploads\/2025\/03\/17f1e4f6-bda0-4540-aff8-113dcbc33182-768x768.jpg 768w\" sizes=\"(max-width: 1024px) 100vw, 1024px\" \/><\/figure>\n\n\n\n<figure class=\"wp-block-image size-large\"><img loading=\"lazy\" decoding=\"async\" width=\"1024\" height=\"1024\" data-id=\"380\" src=\"https:\/\/kamikatze.7szkola.pl\/wp-content\/uploads\/2025\/03\/e49e47e2-1c26-43a1-b455-4ff7159f7ebc.jpg\" alt=\"\" class=\"wp-image-380\" srcset=\"https:\/\/kamikatze.7szkola.pl\/wp-content\/uploads\/2025\/03\/e49e47e2-1c26-43a1-b455-4ff7159f7ebc.jpg 1024w, https:\/\/kamikatze.7szkola.pl\/wp-content\/uploads\/2025\/03\/e49e47e2-1c26-43a1-b455-4ff7159f7ebc-300x300.jpg 300w, https:\/\/kamikatze.7szkola.pl\/wp-content\/uploads\/2025\/03\/e49e47e2-1c26-43a1-b455-4ff7159f7ebc-150x150.jpg 150w, https:\/\/kamikatze.7szkola.pl\/wp-content\/uploads\/2025\/03\/e49e47e2-1c26-43a1-b455-4ff7159f7ebc-768x768.jpg 768w\" sizes=\"(max-width: 1024px) 100vw, 1024px\" \/><\/figure>\n<\/figure>\n\n\n\n<figure class=\"wp-block-gallery has-nested-images columns-default is-cropped wp-block-gallery-3 is-layout-flex wp-block-gallery-is-layout-flex\">\n<figure class=\"wp-block-image size-full\"><img loading=\"lazy\" decoding=\"async\" width=\"703\" height=\"688\" data-id=\"196\" src=\"https:\/\/kamikatze.7szkola.pl\/wp-content\/uploads\/2025\/02\/Zrzut-ekranu-2025-02-27-110951.png\" alt=\"\" class=\"wp-image-196\" srcset=\"https:\/\/kamikatze.7szkola.pl\/wp-content\/uploads\/2025\/02\/Zrzut-ekranu-2025-02-27-110951.png 703w, https:\/\/kamikatze.7szkola.pl\/wp-content\/uploads\/2025\/02\/Zrzut-ekranu-2025-02-27-110951-300x294.png 300w\" sizes=\"(max-width: 703px) 100vw, 703px\" \/><\/figure>\n\n\n\n<figure class=\"wp-block-image size-large\"><img loading=\"lazy\" decoding=\"async\" width=\"1024\" height=\"1024\" data-id=\"382\" src=\"https:\/\/kamikatze.7szkola.pl\/wp-content\/uploads\/2025\/03\/17f1e4f6-bda0-4540-aff8-113dcbc33182-1.jpg\" alt=\"\" class=\"wp-image-382\" srcset=\"https:\/\/kamikatze.7szkola.pl\/wp-content\/uploads\/2025\/03\/17f1e4f6-bda0-4540-aff8-113dcbc33182-1.jpg 1024w, https:\/\/kamikatze.7szkola.pl\/wp-content\/uploads\/2025\/03\/17f1e4f6-bda0-4540-aff8-113dcbc33182-1-300x300.jpg 300w, https:\/\/kamikatze.7szkola.pl\/wp-content\/uploads\/2025\/03\/17f1e4f6-bda0-4540-aff8-113dcbc33182-1-150x150.jpg 150w, https:\/\/kamikatze.7szkola.pl\/wp-content\/uploads\/2025\/03\/17f1e4f6-bda0-4540-aff8-113dcbc33182-1-768x768.jpg 768w\" sizes=\"(max-width: 1024px) 100vw, 1024px\" \/><\/figure>\n<\/figure>\n","protected":false},"excerpt":{"rendered":"<p>Przedburze Konfliktu Kocie kr\u00f3lestwa \u017cy\u0142y w relatywnym pokoju przez wiele lat, a\u017c do momentu, gdy w Kr\u00f3lestwie Miaulandu, rz\u0105dzonej przez Kr\u00f3la Miauczybala (niem. K\u00f6nig Miauzenberg), pojawi\u0142y si\u0119 ambicje o dominacj\u0119 nad Europaw\u0105. Miauland, znany ze swojego pot\u0119\u017cnego wojska i technologii wojennej, postanowi\u0142 rozszerzy\u0107 swoje terytorium, atakuj\u0105c s\u0105siednie kr\u00f3lestwa. Inwazja na Polmiau Wczesnym porankiem 1 Miau\u0142\u015bnia [&hellip;]<\/p>\n","protected":false},"author":1,"featured_media":149,"parent":0,"menu_order":0,"comment_status":"closed","ping_status":"closed","template":"","meta":{"saved_in_kubio":false,"footnotes":""},"class_list":["post-24","page","type-page","status-publish","has-post-thumbnail","hentry"],"kubio_ai_page_context":{"short_desc":"","purpose":"general"},"_links":{"self":[{"href":"https:\/\/kamikatze.7szkola.pl\/index.php\/wp-json\/wp\/v2\/pages\/24","targetHints":{"allow":["GET"]}}],"collection":[{"href":"https:\/\/kamikatze.7szkola.pl\/index.php\/wp-json\/wp\/v2\/pages"}],"about":[{"href":"https:\/\/kamikatze.7szkola.pl\/index.php\/wp-json\/wp\/v2\/types\/page"}],"author":[{"embeddable":true,"href":"https:\/\/kamikatze.7szkola.pl\/index.php\/wp-json\/wp\/v2\/users\/1"}],"replies":[{"embeddable":true,"href":"https:\/\/kamikatze.7szkola.pl\/index.php\/wp-json\/wp\/v2\/comments?post=24"}],"version-history":[{"count":17,"href":"https:\/\/kamikatze.7szkola.pl\/index.php\/wp-json\/wp\/v2\/pages\/24\/revisions"}],"predecessor-version":[{"id":409,"href":"https:\/\/kamikatze.7szkola.pl\/index.php\/wp-json\/wp\/v2\/pages\/24\/revisions\/409"}],"wp:featuredmedia":[{"embeddable":true,"href":"https:\/\/kamikatze.7szkola.pl\/index.php\/wp-json\/wp\/v2\/media\/149"}],"wp:attachment":[{"href":"https:\/\/kamikatze.7szkola.pl\/index.php\/wp-json\/wp\/v2\/media?parent=24"}],"curies":[{"name":"wp","href":"https:\/\/api.w.org\/{rel}","templated":true}]}}